{"id":4985,"date":"2023-06-01T10:56:40","date_gmt":"2023-06-01T08:56:40","guid":{"rendered":"https:\/\/mallorca-arta.com\/?page_id=4985"},"modified":"2023-06-01T11:08:59","modified_gmt":"2023-06-01T09:08:59","slug":"dabei-sein","status":"publish","type":"page","link":"https:\/\/mallorca-arta.com\/es\/dabei-sein\/","title":{"rendered":"Estar presente"},"content":{"rendered":"\n<p>Mallorca-Arta.com ofrece a su establecimiento la posibilidad de presentarse y facilitar as\u00ed que los interesados encuentren su establecimiento y conozcan m\u00e1s sobre \u00e9l.<\/p>\n\n\n\n<p>Le ofrecemos a usted o a su establecimiento una \u00abentrada de direcci\u00f3n\u00bb en la categor\u00eda que desee de forma gratuita. Tambi\u00e9n puede elegir entre una \u00abentrada est\u00e1ndar\u00bb (con logotipo, etc.) y una<br>una \u00abentrada de presencia\u00bb (im\u00e1genes, logotipo, etc.).<\/p>\n\n\n\n<p>Le recomendamos la \u00abEntrada est\u00e1ndar\u00bb si tiene una<br>si tiene presencia en Internet.<\/p>\n\n\n\n<p>Si no dispone de p\u00e1gina web propia, la \u00abEntrada de presencia\u00bb ser\u00eda la m\u00e1s adecuada para su establecimiento, ya que actualizaremos esta entrada mensualmente en funci\u00f3n de sus necesidades. Por ejemplo, ofertas, fotos, etc.<\/p>\n\n\n\n<p>Los precios y detalles se pueden encontrar aqu\u00ed.<br>Las respuestas a las preguntas m\u00e1s frecuentes se encuentran en nuestras FAQ<\/p>\n","protected":false},"excerpt":{"rendered":"<p>Mallorca-Arta.com ofrece a su establecimiento la posibilidad de presentarse y facilitar as\u00ed que los interesados encuentren su establecimiento y conozcan<\/p>\n","protected":false},"author":1,"featured_media":0,"parent":0,"menu_order":0,"comment_status":"closed","ping_status":"closed","template":"","meta":{"colormag_page_container_layout":"default_layout","colormag_page_sidebar_layout":"default_layout","footnotes":""},"class_list":["post-4985","page","type-page","status-publish","hentry"],"_links":{"self":[{"href":"https:\/\/mallorca-arta.com\/es\/wp-json\/wp\/v2\/pages\/4985","targetHints":{"allow":["GET"]}}],"collection":[{"href":"https:\/\/mallorca-arta.com\/es\/wp-json\/wp\/v2\/pages"}],"about":[{"href":"https:\/\/mallorca-arta.com\/es\/wp-json\/wp\/v2\/types\/page"}],"author":[{"embeddable":true,"href":"https:\/\/mallorca-arta.com\/es\/wp-json\/wp\/v2\/users\/1"}],"replies":[{"embeddable":true,"href":"https:\/\/mallorca-arta.com\/es\/wp-json\/wp\/v2\/comments?post=4985"}],"version-history":[{"count":7,"href":"https:\/\/mallorca-arta.com\/es\/wp-json\/wp\/v2\/pages\/4985\/revisions"}],"predecessor-version":[{"id":4994,"href":"https:\/\/mallorca-arta.com\/es\/wp-json\/wp\/v2\/pages\/4985\/revisions\/4994"}],"wp:attachment":[{"href":"https:\/\/mallorca-arta.com\/es\/wp-json\/wp\/v2\/media?parent=4985"}],"curies":[{"name":"wp","href":"https:\/\/api.w.org\/{rel}","templated":true}]}}