{"id":30,"date":"2015-10-21T11:41:44","date_gmt":"2015-10-21T09:41:44","guid":{"rendered":"http:\/\/www.webdesign-mallorca.eu\/mallorca-arta\/arta\/?page_id=30"},"modified":"2025-05-27T11:52:51","modified_gmt":"2025-05-27T09:52:51","slug":"rubriken","status":"publish","type":"page","link":"https:\/\/mallorca-arta.com\/es\/","title":{"rendered":"Pueblo Arta"},"content":{"rendered":"\n<h2 class=\"wp-block-heading has-white-color has-vivid-red-background-color has-text-color has-background\" id=\"shoppen\"><strong>BUSCAR <\/strong>TIENDAS \/ PRODUCTOS<\/h2>\n\n\n\n<div class=\"wp-block-group has-medium-font-size is-layout-grid wp-container-core-group-is-layout-b3592ff7 wp-block-group-is-layout-grid\" style=\"min-height:50px;margin-top:0;margin-bottom:0\">\n<figure class=\"wp-block-image size-full\"><a href=\"https:\/\/mallorca-arta.com\/es\/category\/farmacias-medicas\/\"><img loading=\"lazy\" decoding=\"async\" width=\"160\" height=\"160\" src=\"https:\/\/mallorca-arta.com\/wp-content\/uploads\/2025\/05\/AERZTE-APOTHEKEN.png\" alt=\"\u00c4rzte und Apotheken\" class=\"wp-image-5903\" srcset=\"https:\/\/mallorca-arta.com\/wp-content\/uploads\/2025\/05\/AERZTE-APOTHEKEN.png 160w, https:\/\/mallorca-arta.com\/wp-content\/uploads\/2025\/05\/AERZTE-APOTHEKEN-150x150.png 150w\" sizes=\"auto, (max-width: 160px) 100vw, 160px\" \/><\/a><figcaption class=\"wp-element-caption\"><strong>M\u00c9DICOS \/ FARMACIAS<\/strong><\/figcaption><\/figure>\n\n\n\n<figure class=\"wp-block-image size-full\"><a href=\"https:\/\/mallorca-arta.com\/es\/category\/behoerden-einrichtungen\/\"><img loading=\"lazy\" decoding=\"async\" width=\"160\" height=\"160\" src=\"https:\/\/mallorca-arta.com\/wp-content\/uploads\/2025\/05\/BEHOERDEN-EINRICHTUNGEN.png\" alt=\"Beh\u00f6rden und Einrichtungen in Art\u00e0\" class=\"wp-image-5905\" srcset=\"https:\/\/mallorca-arta.com\/wp-content\/uploads\/2025\/05\/BEHOERDEN-EINRICHTUNGEN.png 160w, https:\/\/mallorca-arta.com\/wp-content\/uploads\/2025\/05\/BEHOERDEN-EINRICHTUNGEN-150x150.png 150w\" sizes=\"auto, (max-width: 160px) 100vw, 160px\" \/><\/a><figcaption class=\"wp-element-caption\"><strong>AUTORIDADES \/ INSTITUCIONES<\/strong><\/figcaption><\/figure>\n\n\n\n<figure class=\"wp-block-image size-full\"><a href=\"https:\/\/mallorca-arta.com\/es\/category\/restaurants\/\"><img loading=\"lazy\" decoding=\"async\" width=\"160\" height=\"160\" src=\"https:\/\/mallorca-arta.com\/wp-content\/uploads\/2025\/05\/RESTAURANTS.png\" alt=\"Restaurants, Essen und trinken\" class=\"wp-image-5909\" srcset=\"https:\/\/mallorca-arta.com\/wp-content\/uploads\/2025\/05\/RESTAURANTS.png 160w, https:\/\/mallorca-arta.com\/wp-content\/uploads\/2025\/05\/RESTAURANTS-150x150.png 150w\" sizes=\"auto, (max-width: 160px) 100vw, 160px\" \/><\/a><figcaption class=\"wp-element-caption\"><strong>RESTAURANTES<\/strong><\/figcaption><\/figure>\n\n\n\n<figure class=\"wp-block-image size-full\"><a href=\"https:\/\/mallorca-arta.com\/es\/category\/bars-cafes\/\"><img loading=\"lazy\" decoding=\"async\" width=\"160\" height=\"160\" src=\"https:\/\/mallorca-arta.com\/wp-content\/uploads\/2025\/05\/BARS-CAFES.png\" alt=\"Bars und Cafes\" class=\"wp-image-5904\" srcset=\"https:\/\/mallorca-arta.com\/wp-content\/uploads\/2025\/05\/BARS-CAFES.png 160w, https:\/\/mallorca-arta.com\/wp-content\/uploads\/2025\/05\/BARS-CAFES-150x150.png 150w\" sizes=\"auto, (max-width: 160px) 100vw, 160px\" \/><\/a><figcaption class=\"wp-element-caption\"><strong>BARS &#038; CAF\u00c9S<\/strong><\/figcaption><\/figure>\n<\/div>\n\n\n\n<div class=\"wp-block-group has-medium-font-size is-layout-grid wp-container-core-group-is-layout-69c1e013 wp-block-group-is-layout-grid\" style=\"min-height:50px;margin-top:0;margin-bottom:0;padding-top:0;padding-right:0;padding-bottom:0;padding-left:0\">\n<figure class=\"wp-block-image size-full\"><a href=\"https:\/\/mallorca-arta.com\/es\/category\/hotel-unterkunft\/\"><img loading=\"lazy\" decoding=\"async\" width=\"160\" height=\"160\" src=\"https:\/\/mallorca-arta.com\/wp-content\/uploads\/2025\/05\/HOTELS-UNTERKUNFT.png\" alt=\"Hotels und Unterk\u00fcnfte\" class=\"wp-image-5908\" srcset=\"https:\/\/mallorca-arta.com\/wp-content\/uploads\/2025\/05\/HOTELS-UNTERKUNFT.png 160w, https:\/\/mallorca-arta.com\/wp-content\/uploads\/2025\/05\/HOTELS-UNTERKUNFT-150x150.png 150w\" sizes=\"auto, (max-width: 160px) 100vw, 160px\" \/><\/a><figcaption class=\"wp-element-caption\"><strong>HOTELES \/ ALOJAMIENTO<\/strong><\/figcaption><\/figure>\n\n\n\n<figure class=\"wp-block-image size-full\"><a href=\"https:\/\/mallorca-arta.com\/es\/category\/supermaerkte-boutiquen-geschaefte\/\"><img loading=\"lazy\" decoding=\"async\" width=\"160\" height=\"160\" src=\"https:\/\/mallorca-arta.com\/wp-content\/uploads\/2025\/05\/EINKAUFEN-SHOPPEN.png\" alt=\"Einkaufen, Shopping\" class=\"wp-image-5907\" srcset=\"https:\/\/mallorca-arta.com\/wp-content\/uploads\/2025\/05\/EINKAUFEN-SHOPPEN.png 160w, https:\/\/mallorca-arta.com\/wp-content\/uploads\/2025\/05\/EINKAUFEN-SHOPPEN-150x150.png 150w\" sizes=\"auto, (max-width: 160px) 100vw, 160px\" \/><\/a><figcaption class=\"wp-element-caption\"><strong>COMPRAS \/ SHOPPING<\/strong><\/figcaption><\/figure>\n\n\n\n<figure class=\"wp-block-image size-full wp-container-content-e269605d\"><a href=\"https:\/\/mallorca-arta.com\/es\/category\/dienstleistungen\/\"><img loading=\"lazy\" decoding=\"async\" width=\"160\" height=\"160\" src=\"https:\/\/mallorca-arta.com\/wp-content\/uploads\/2025\/05\/DIENSTLEISTUNGEN.png\" alt=\"Dienstleistungen in Arta\" class=\"wp-image-5906\" srcset=\"https:\/\/mallorca-arta.com\/wp-content\/uploads\/2025\/05\/DIENSTLEISTUNGEN.png 160w, https:\/\/mallorca-arta.com\/wp-content\/uploads\/2025\/05\/DIENSTLEISTUNGEN-150x150.png 150w\" sizes=\"auto, (max-width: 160px) 100vw, 160px\" \/><\/a><figcaption class=\"wp-element-caption\"><strong>SERVICIOS<\/strong><\/figcaption><\/figure>\n\n\n\n<figure class=\"wp-block-image size-full wp-container-content-e269605d\"><a href=\"https:\/\/mallorca-arta.com\/es\/category\/kunst-kuenstler-arta\/\"><img loading=\"lazy\" decoding=\"async\" width=\"160\" height=\"160\" src=\"https:\/\/mallorca-arta.com\/wp-content\/uploads\/2025\/05\/KUENSTLER.png\" alt=\"Kunst und K\u00fcnstler\" class=\"wp-image-5910\" srcset=\"https:\/\/mallorca-arta.com\/wp-content\/uploads\/2025\/05\/KUENSTLER.png 160w, https:\/\/mallorca-arta.com\/wp-content\/uploads\/2025\/05\/KUENSTLER-150x150.png 150w\" sizes=\"auto, (max-width: 160px) 100vw, 160px\" \/><\/a><figcaption class=\"wp-element-caption\"><strong>ARTE \/ ARTISTAS<\/strong><\/figcaption><\/figure>\n<\/div>\n\n\n<form role=\"search\" method=\"get\" action=\"https:\/\/mallorca-arta.com\/es\/\" class=\"wp-block-search__button-outside wp-block-search__text-button wp-block-search\"    ><label class=\"wp-block-search__label screen-reader-text\" for=\"wp-block-search__input-1\" >Buscar<\/label><div class=\"wp-block-search__inside-wrapper\"  style=\"width: 100%\"><input class=\"wp-block-search__input has-border-color\" id=\"wp-block-search__input-1\" placeholder=\"Gesch\u00e4fte oder Produkte suchen ...\" value=\"\" type=\"search\" name=\"s\" required  style=\"border-width: 2px;border-color: #cf2e2e;border-radius: 0px\"\/><button aria-label=\"Suchen\" class=\"wp-block-search__button has-border-color wp-element-button\" type=\"submit\"  style=\"border-width: 2px;border-color: #cf2e2e;border-radius: 0px\">Suchen<\/button><\/div><\/form>\n\n\n<div style=\"height:50px\" aria-hidden=\"true\" class=\"wp-block-spacer\"><\/div>\n\n\n\n<h2 class=\"wp-block-heading\">Tiendas, productos, restaurantes, bares y cafeter\u00edas en la localidad de Art\u00e0<\/h2>\n\n\n<ul class=\"wp-block-latest-posts__list wp-block-latest-posts\"><li><div class=\"wp-block-latest-posts__featured-image\"><a href=\"https:\/\/mallorca-arta.com\/es\/potons\/\" aria-label=\"potons | Arta\"><img loading=\"lazy\" decoding=\"async\" width=\"800\" height=\"334\" src=\"https:\/\/mallorca-arta.com\/wp-content\/uploads\/2025\/06\/potons_sabates-1024x427.jpg\" class=\"attachment-large size-large wp-post-image\" alt=\"potons, sabates sostenibles\" style=\"\" srcset=\"https:\/\/mallorca-arta.com\/wp-content\/uploads\/2025\/06\/potons_sabates-1024x427.jpg 1024w, https:\/\/mallorca-arta.com\/wp-content\/uploads\/2025\/06\/potons_sabates-300x125.jpg 300w, https:\/\/mallorca-arta.com\/wp-content\/uploads\/2025\/06\/potons_sabates-768x320.jpg 768w, https:\/\/mallorca-arta.com\/wp-content\/uploads\/2025\/06\/potons_sabates.jpg 1200w\" sizes=\"auto, (max-width: 800px) 100vw, 800px\" \/><\/a><\/div><a class=\"wp-block-latest-posts__post-title\" href=\"https:\/\/mallorca-arta.com\/es\/potons\/\">potons | Arta<\/a><\/li>\n<\/ul>\n\n<ul class=\"wp-block-latest-posts__list is-grid columns-3 wp-block-latest-posts\"><li><div class=\"wp-block-latest-posts__featured-image\"><a href=\"https:\/\/mallorca-arta.com\/es\/potons\/\" aria-label=\"potons | Arta\"><img loading=\"lazy\" decoding=\"async\" width=\"800\" height=\"334\" src=\"https:\/\/mallorca-arta.com\/wp-content\/uploads\/2025\/06\/potons_sabates-1024x427.jpg\" class=\"attachment-large size-large wp-post-image\" alt=\"potons, sabates sostenibles\" style=\"\" srcset=\"https:\/\/mallorca-arta.com\/wp-content\/uploads\/2025\/06\/potons_sabates-1024x427.jpg 1024w, https:\/\/mallorca-arta.com\/wp-content\/uploads\/2025\/06\/potons_sabates-300x125.jpg 300w, https:\/\/mallorca-arta.com\/wp-content\/uploads\/2025\/06\/potons_sabates-768x320.jpg 768w, https:\/\/mallorca-arta.com\/wp-content\/uploads\/2025\/06\/potons_sabates.jpg 1200w\" sizes=\"auto, (max-width: 800px) 100vw, 800px\" \/><\/a><\/div><a class=\"wp-block-latest-posts__post-title\" href=\"https:\/\/mallorca-arta.com\/es\/potons\/\">potons | Arta<\/a><\/li>\n<li><div class=\"wp-block-latest-posts__featured-image\"><a href=\"https:\/\/mallorca-arta.com\/es\/fira-arta\/\" aria-label=\"Fira d\u2019Art\u00e0 2025 | Arta\"><img loading=\"lazy\" decoding=\"async\" width=\"800\" height=\"334\" src=\"https:\/\/mallorca-arta.com\/wp-content\/uploads\/2025\/09\/Fira-Arta-2025-1024x427.jpg\" class=\"attachment-large size-large wp-post-image\" alt=\"Fira in Arta\" style=\"\" srcset=\"https:\/\/mallorca-arta.com\/wp-content\/uploads\/2025\/09\/Fira-Arta-2025-1024x427.jpg 1024w, https:\/\/mallorca-arta.com\/wp-content\/uploads\/2025\/09\/Fira-Arta-2025-300x125.jpg 300w, https:\/\/mallorca-arta.com\/wp-content\/uploads\/2025\/09\/Fira-Arta-2025-768x320.jpg 768w, https:\/\/mallorca-arta.com\/wp-content\/uploads\/2025\/09\/Fira-Arta-2025.jpg 1200w\" sizes=\"auto, (max-width: 800px) 100vw, 800px\" \/><\/a><\/div><a class=\"wp-block-latest-posts__post-title\" href=\"https:\/\/mallorca-arta.com\/es\/fira-arta\/\">Fira d\u2019Art\u00e0 2025 | Arta<\/a><\/li>\n<li><div class=\"wp-block-latest-posts__featured-image\"><a href=\"https:\/\/mallorca-arta.com\/es\/na-caragol\/\" aria-label=\"Bar &amp; Caf\u00e9 Caragol | Arta\"><img loading=\"lazy\" decoding=\"async\" width=\"800\" height=\"334\" src=\"https:\/\/mallorca-arta.com\/wp-content\/uploads\/2015\/11\/Titelbils_Mallorca-Arta-1024x427.jpg\" class=\"attachment-large size-large wp-post-image\" alt=\"Titelbild Mallorca Arta\" style=\"\" srcset=\"https:\/\/mallorca-arta.com\/wp-content\/uploads\/2015\/11\/Titelbils_Mallorca-Arta-1024x427.jpg 1024w, https:\/\/mallorca-arta.com\/wp-content\/uploads\/2015\/11\/Titelbils_Mallorca-Arta-300x125.jpg 300w, https:\/\/mallorca-arta.com\/wp-content\/uploads\/2015\/11\/Titelbils_Mallorca-Arta-768x320.jpg 768w, https:\/\/mallorca-arta.com\/wp-content\/uploads\/2015\/11\/Titelbils_Mallorca-Arta.jpg 1200w\" sizes=\"auto, (max-width: 800px) 100vw, 800px\" \/><\/a><\/div><a class=\"wp-block-latest-posts__post-title\" href=\"https:\/\/mallorca-arta.com\/es\/na-caragol\/\">Bar &#038; Caf\u00e9 Caragol | Arta<\/a><\/li>\n<li><div class=\"wp-block-latest-posts__featured-image\"><a href=\"https:\/\/mallorca-arta.com\/es\/sant-salvador-2025\/\" aria-label=\"Festes Sant Salvador &#8211; 2025 | Arta\"><img loading=\"lazy\" decoding=\"async\" width=\"800\" height=\"334\" src=\"https:\/\/mallorca-arta.com\/wp-content\/uploads\/2025\/07\/Sant-Salvador-2025-1024x427.jpg\" class=\"attachment-large size-large wp-post-image\" alt=\"Fiesta de Sant Salvador en Art\u00e0 en Mallorca 2025\" style=\"\" srcset=\"https:\/\/mallorca-arta.com\/wp-content\/uploads\/2025\/07\/Sant-Salvador-2025-1024x427.jpg 1024w, https:\/\/mallorca-arta.com\/wp-content\/uploads\/2025\/07\/Sant-Salvador-2025-300x125.jpg 300w, https:\/\/mallorca-arta.com\/wp-content\/uploads\/2025\/07\/Sant-Salvador-2025-768x320.jpg 768w, https:\/\/mallorca-arta.com\/wp-content\/uploads\/2025\/07\/Sant-Salvador-2025.jpg 1200w\" sizes=\"auto, (max-width: 800px) 100vw, 800px\" \/><\/a><\/div><a class=\"wp-block-latest-posts__post-title\" href=\"https:\/\/mallorca-arta.com\/es\/sant-salvador-2025\/\">Festes Sant Salvador &#8211; 2025 | Arta<\/a><\/li>\n<li><div class=\"wp-block-latest-posts__featured-image\"><a href=\"https:\/\/mallorca-arta.com\/es\/restaurant-can-sion\/\" aria-label=\"Restaurante C\u00e1n Si\u00f3n | Arta\"><img loading=\"lazy\" decoding=\"async\" width=\"800\" height=\"334\" src=\"https:\/\/mallorca-arta.com\/wp-content\/uploads\/2025\/07\/Restaurante-Can-Sion-1024x427.jpg\" class=\"attachment-large size-large wp-post-image\" alt=\"Tapas &amp; Vinoteca \u2013 Art\u00e0\" style=\"\" srcset=\"https:\/\/mallorca-arta.com\/wp-content\/uploads\/2025\/07\/Restaurante-Can-Sion-1024x427.jpg 1024w, https:\/\/mallorca-arta.com\/wp-content\/uploads\/2025\/07\/Restaurante-Can-Sion-300x125.jpg 300w, https:\/\/mallorca-arta.com\/wp-content\/uploads\/2025\/07\/Restaurante-Can-Sion-768x320.jpg 768w, https:\/\/mallorca-arta.com\/wp-content\/uploads\/2025\/07\/Restaurante-Can-Sion.jpg 1200w\" sizes=\"auto, (max-width: 800px) 100vw, 800px\" \/><\/a><\/div><a class=\"wp-block-latest-posts__post-title\" href=\"https:\/\/mallorca-arta.com\/es\/restaurant-can-sion\/\">Restaurante C\u00e1n Si\u00f3n | Arta<\/a><\/li>\n<li><div class=\"wp-block-latest-posts__featured-image\"><a href=\"https:\/\/mallorca-arta.com\/es\/toldos-arta\/\" aria-label=\"TOLDOS ART\u00c0 | Arta\"><img loading=\"lazy\" decoding=\"async\" width=\"800\" height=\"334\" src=\"https:\/\/mallorca-arta.com\/wp-content\/uploads\/2015\/11\/Titelbils_Mallorca-Arta-1024x427.jpg\" class=\"attachment-large size-large wp-post-image\" alt=\"Titelbild Mallorca Arta\" style=\"\" srcset=\"https:\/\/mallorca-arta.com\/wp-content\/uploads\/2015\/11\/Titelbils_Mallorca-Arta-1024x427.jpg 1024w, https:\/\/mallorca-arta.com\/wp-content\/uploads\/2015\/11\/Titelbils_Mallorca-Arta-300x125.jpg 300w, https:\/\/mallorca-arta.com\/wp-content\/uploads\/2015\/11\/Titelbils_Mallorca-Arta-768x320.jpg 768w, https:\/\/mallorca-arta.com\/wp-content\/uploads\/2015\/11\/Titelbils_Mallorca-Arta.jpg 1200w\" sizes=\"auto, (max-width: 800px) 100vw, 800px\" \/><\/a><\/div><a class=\"wp-block-latest-posts__post-title\" href=\"https:\/\/mallorca-arta.com\/es\/toldos-arta\/\">TOLDOS ART\u00c0 | Arta<\/a><\/li>\n<\/ul>\n\n\n<div style=\"height:100px\" aria-hidden=\"true\" class=\"wp-block-spacer\"><\/div>\n\n\n\n<h1 class=\"wp-block-heading\">El pueblo Art\u00e0<\/h1>\n\n\n\n<p><strong>(deletreado Art\u00e0), que en realidad es un pueblo ya que s\u00f3lo tiene unos 7400 habitantes, est\u00e1 situado en el noreste de Mallorca.<\/strong><\/p>\n\n\n\n<p><\/p>\n\n\n\n<h2 class=\"wp-block-heading\">Art\u00e0<\/h2>\n\n\n\n<p>est\u00e1 rodeada de monta\u00f1as y hermosas calas (incluidas playas de arena). Este encantador pueblecito, con sus numerosos restaurantes, bares y caf\u00e9s, seguro que le encantar\u00e1. Mallorca no suele resultarnos extra\u00f1a a los alemanes, as\u00ed que \u00bfpor qu\u00e9 no visitar el pueblo de Art\u00e0 cuando est\u00e9 de vacaciones en la hermosa isla de Mallorca?<\/p>\n\n\n\n<p><\/p>\n\n\n\n<h2 class=\"wp-block-heading\">Mallorca<\/h2>\n\n\n\n<p>tiene mucho que ofrecer. Art\u00e0 es uno de los lugares m\u00e1s tranquilos de la isla de Mallorca. Aqu\u00ed tambi\u00e9n se hace turismo, pero sobre todo sin estridencias ni m\u00fasica a todo volumen. Hay muchas opciones de compras, ocio y alojamiento.<\/p>\n\n\n\n<p><strong>Pero una vez al a\u00f1o, la localidad mallorquina de Art\u00e0<br><\/strong>Un estado de \u00abemergencia\u00bb &#8211; En el verano de agosto, la ciudad de Arta celebra su festival de verano durante una semana y media seguida. M\u00fasica en directo y mucha gente. Miles de personas acuden y la m\u00fasica se prolonga hasta altas horas de la madrugada. Lo bonito es que nadie se queja: ya sean j\u00f3venes o mayores, todos celebran y bailan juntos.<\/p>\n\n\n\n<p><strong>Sant Antoni el 16 de enero<br><\/strong>es igual de espectacular en invierno en Mallorca, en Art\u00e0. Aunque en realidad la fiesta s\u00f3lo dura dos d\u00edas. Los demonios (Dimonis) se enfurecen por la noche y al d\u00eda siguiente se bendice a los animales. Todos los que tienen un carruaje se presentan en una gran columna y lo celebran. Todo el mundo debe tomar una copa con los dem\u00e1s, las botellas se comparten con gusto.<\/p>\n\n\n\n<p><\/p>\n\n\n\n<h3 class=\"wp-block-heading\">Art\u00e0 y origen<\/h3>\n\n\n\n<p>Art\u00e0 se menciona por primera vez en 1232 con el nombre de Yart\u00e2n en el Llibre de repartiment de mallorca (Jaume I). M\u00e1s tarde tambi\u00e9n existieron las graf\u00edas Jartan o Jertan. El origen del nombre deriva de \u00abGertan\u00bb, palabra \u00e1rabe que significa jard\u00edn.<br><em>Geschichte &#038; Detaills -Wikipedia<\/em><\/p>\n\n\n\n<p><\/p>\n\n\n\n<h2 class=\"wp-block-heading\">El asentamiento de Col\u00f2nia de Sant Pere<\/h2>\n\n\n\n<h3 class=\"wp-block-heading\">Col\u00f2nia de Sant Pere<\/h3>\n\n\n\n<p>que se fund\u00f3 en 1880, se construy\u00f3 en el lado este de la bah\u00eda de Alc\u00fadia. Junto a la urbanizaci\u00f3n Col\u00f2nia de Sant Pere se encuentra el peque\u00f1o y remoto asentamiento de Betlem de Art\u00e0, en la costa este de Mallorca.<\/p>\n\n\n\n<p>El peque\u00f1o puerto de Col\u00f2nia de Sant Pere es visitado a menudo por peque\u00f1os yates e incluso alberga algunos barcos de pesca\u2026<\/p>\n\n\n\n<p><a href=\"https:\/\/mallorca-arta.com\/arta-colonia-de-sant-pere\/\">A Colonia de Sant Pere<\/a><\/p>\n\n\n\n<p><\/p>\n\n\n\n<h3 class=\"wp-block-heading\">Este mapa le da una breve visi\u00f3n general de la ciudad de Art\u00e0 en Mallorca.<\/h3>\n\n\n\n<figure class=\"wp-block-image alignleft size-full has-custom-border wp-duotone-grayscale\"><a href=\"https:\/\/mallorca-arta.com\/stadtplan-arta\/\" target=\"_blank\" rel=\"noreferrer noopener\"><img loading=\"lazy\" decoding=\"async\" width=\"671\" height=\"425\" src=\"https:\/\/mallorca-arta.com\/wp-content\/uploads\/2024\/09\/arta-map.png\" alt=\"Shopping map\" class=\"wp-image-5622\" style=\"border-width:2px;border-radius:15px\" srcset=\"https:\/\/mallorca-arta.com\/wp-content\/uploads\/2024\/09\/arta-map.png 671w, https:\/\/mallorca-arta.com\/wp-content\/uploads\/2024\/09\/arta-map-300x190.png 300w\" sizes=\"auto, (max-width: 671px) 100vw, 671px\" \/><\/a><\/figure>\n","protected":false},"excerpt":{"rendered":"<p>BUSCAR TIENDAS \/ PRODUCTOS Tiendas, productos, restaurantes, bares y cafeter\u00edas en la localidad de Art\u00e0 El pueblo Art\u00e0 (deletreado Art\u00e0),<\/p>\n","protected":false},"author":1,"featured_media":0,"parent":0,"menu_order":0,"comment_status":"closed","ping_status":"closed","template":"","meta":{"colormag_page_container_layout":"default_layout","colormag_page_sidebar_layout":"default_layout","footnotes":""},"class_list":["post-30","page","type-page","status-publish","hentry"],"_links":{"self":[{"href":"https:\/\/mallorca-arta.com\/es\/wp-json\/wp\/v2\/pages\/30","targetHints":{"allow":["GET"]}}],"collection":[{"href":"https:\/\/mallorca-arta.com\/es\/wp-json\/wp\/v2\/pages"}],"about":[{"href":"https:\/\/mallorca-arta.com\/es\/wp-json\/wp\/v2\/types\/page"}],"author":[{"embeddable":true,"href":"https:\/\/mallorca-arta.com\/es\/wp-json\/wp\/v2\/users\/1"}],"replies":[{"embeddable":true,"href":"https:\/\/mallorca-arta.com\/es\/wp-json\/wp\/v2\/comments?post=30"}],"version-history":[{"count":213,"href":"https:\/\/mallorca-arta.com\/es\/wp-json\/wp\/v2\/pages\/30\/revisions"}],"predecessor-version":[{"id":5957,"href":"https:\/\/mallorca-arta.com\/es\/wp-json\/wp\/v2\/pages\/30\/revisions\/5957"}],"wp:attachment":[{"href":"https:\/\/mallorca-arta.com\/es\/wp-json\/wp\/v2\/media?parent=30"}],"curies":[{"name":"wp","href":"https:\/\/api.w.org\/{rel}","templated":true}]}}