{"id":2198,"date":"2017-04-03T11:30:09","date_gmt":"2017-04-03T09:30:09","guid":{"rendered":"http:\/\/www.mallorca-arta.com\/?page_id=2198"},"modified":"2024-01-07T12:50:42","modified_gmt":"2024-01-07T11:50:42","slug":"arta-colonia-de-sant-pere","status":"publish","type":"page","link":"https:\/\/mallorca-arta.com\/es\/arta-colonia-de-sant-pere\/","title":{"rendered":"Colonia de Sant Pere"},"content":{"rendered":"\n<h2 class=\"wp-block-heading\">Pueblo Colonia de Sant Pere<\/h2>\n\n\n\n<p>\u00bb M\u00e9dicos | Farmacias<br><a href=\"https:\/\/mallorca-arta.com\/stadtplan-arta\/\" target=\"_blank\" rel=\"noopener\">\u00bb Mapa de la ciudad<br><\/a>\u00bb Autoridades<br><a href=\"https:\/\/mallorca-arta.com\/category\/colonia-de-sant-pere\/restaurants-colonia-sant-pere\/\">\u00bb Restaurantes<br><\/a>\u00bb Caf\u00e9s y bares<br>\u00bb Hoteles y alojamiento<br>\u00bb Compras<\/p>\n\n\n\n<h3 class=\"wp-block-heading\">Col\u00f2nia de Sant Pere<\/h3>\n\n\n\n<p>Colonia Sant Pere es un encantador pueblo situado en la costa noreste de Mallorca, Espa\u00f1a. Aqu\u00ed tienes una descripci\u00f3n del pueblo en espa\u00f1ol:<\/p>\n\n\n\n<ul class=\"wp-block-list\">\n<li><strong>Ubicaci\u00f3n y Entorno:<\/strong><br>Colonia Sant Pere se encuentra en una bah\u00eda pintoresca, con vistas impresionantes al Mar Mediterr\u00e1neo. La zona se caracteriza por una atm\u00f3sfera relajada y la costa en esta regi\u00f3n suele ser menos tur\u00edstica, lo que contribuye a un ambiente tranquilo y aut\u00e9ntico.<\/li>\n<\/ul>\n\n\n\n<p><\/p>\n\n\n\n<ul class=\"wp-block-list\">\n<li><strong>Playas:<\/strong><br>El pueblo cuenta con varias playas, siendo la principal la de Colonia Sant Pere, a menudo descrita como una playa de arena con aguas cristalinas. Estas playas son ideales para aquellos que buscan un lugar tranquilo para tomar el sol y nadar.<\/li>\n<\/ul>\n\n\n\n<p><\/p>\n\n\n\n<ul class=\"wp-block-list\">\n<li><strong>Puerto y Paseo Mar\u00edtimo:<\/strong><br>Colonia Sant Pere tiene un peque\u00f1o puerto que es utilizado por barcos de pesca y de recreo. El paseo mar\u00edtimo es un lugar popular para pasear, y tambi\u00e9n cuenta con algunos restaurantes y cafeter\u00edas donde los visitantes pueden disfrutar de especialidades locales.<\/li>\n<\/ul>\n\n\n\n<p><\/p>\n\n\n\n<ul class=\"wp-block-list\">\n<li><strong>Patrimonio Hist\u00f3rico:<\/strong><br>El pueblo alberga algunas atracciones hist\u00f3ricas, como la antigua fortaleza conocida como \u00abEs Fort\u00ed\u00bb, construida en el siglo XVII para proteger la costa de los ataques de piratas. Los restos de esta fortaleza son accesibles para los visitantes.<\/li>\n<\/ul>\n\n\n\n<p><\/p>\n\n\n\n<ul class=\"wp-block-list\">\n<li><strong>Gastronom\u00eda Local:<\/strong><br>Colonia Sant Pere ofrece una variedad de restaurantes que sirven mariscos frescos y platos locales. La atm\u00f3sfera relajada del pueblo atrae a aquellos que desean disfrutar de la cocina mallorquina en un entorno aut\u00e9ntico.<\/li>\n<\/ul>\n\n\n\n<p><\/p>\n\n\n\n<ul class=\"wp-block-list\">\n<li><strong>Naturaleza y Senderismo:<\/strong><br>Los alrededores de Colonia Sant Pere son ideales para los amantes de la naturaleza y los excursionistas. El paisaje est\u00e1 formado por monta\u00f1as, bosques y pintorescos senderos que invitan a la exploraci\u00f3n.<\/li>\n<\/ul>\n\n\n\n<p><\/p>\n\n\n\n<ul class=\"wp-block-list\">\n<li><strong>Eventos y Festivales:<\/strong><br>Al igual que muchos pueblos en Mallorca, Colonia Sant Pere celebra festividades y eventos locales. Estos pueden tener un car\u00e1cter religioso o cultural, ofreciendo a los visitantes la oportunidad de sumergirse en la vida tradicional de la isla.<\/li>\n<\/ul>\n\n\n\n<p>En resumen, Colonia Sant Pere es un refugio tranquilo lejos de las zonas tur\u00edsticas concurridas, ideal para aquellos viajeros que desean experimentar la belleza de la naturaleza y la cultura mallorquina en un entorno relajado.<\/p>\n","protected":false},"excerpt":{"rendered":"<p>Pueblo Colonia de Sant Pere \u00bb M\u00e9dicos | Farmacias\u00bb Mapa de la ciudad\u00bb Autoridades\u00bb Restaurantes\u00bb Caf\u00e9s y bares\u00bb Hoteles y<\/p>\n","protected":false},"author":1,"featured_media":0,"parent":0,"menu_order":0,"comment_status":"closed","ping_status":"closed","template":"","meta":{"colormag_page_container_layout":"no_sidebar_full_width","colormag_page_sidebar_layout":"no_sidebar","footnotes":""},"class_list":["post-2198","page","type-page","status-publish","hentry"],"_links":{"self":[{"href":"https:\/\/mallorca-arta.com\/es\/wp-json\/wp\/v2\/pages\/2198","targetHints":{"allow":["GET"]}}],"collection":[{"href":"https:\/\/mallorca-arta.com\/es\/wp-json\/wp\/v2\/pages"}],"about":[{"href":"https:\/\/mallorca-arta.com\/es\/wp-json\/wp\/v2\/types\/page"}],"author":[{"embeddable":true,"href":"https:\/\/mallorca-arta.com\/es\/wp-json\/wp\/v2\/users\/1"}],"replies":[{"embeddable":true,"href":"https:\/\/mallorca-arta.com\/es\/wp-json\/wp\/v2\/comments?post=2198"}],"version-history":[{"count":32,"href":"https:\/\/mallorca-arta.com\/es\/wp-json\/wp\/v2\/pages\/2198\/revisions"}],"predecessor-version":[{"id":5233,"href":"https:\/\/mallorca-arta.com\/es\/wp-json\/wp\/v2\/pages\/2198\/revisions\/5233"}],"wp:attachment":[{"href":"https:\/\/mallorca-arta.com\/es\/wp-json\/wp\/v2\/media?parent=2198"}],"curies":[{"name":"wp","href":"https:\/\/api.w.org\/{rel}","templated":true}]}}