{"id":303,"date":"2015-10-30T00:03:10","date_gmt":"2015-10-29T23:03:10","guid":{"rendered":"http:\/\/www.webdesign-mallorca.eu\/mallorca-arta\/arta\/?page_id=303"},"modified":"2023-07-20T11:24:09","modified_gmt":"2023-07-20T09:24:09","slug":"stadtplan-arta","status":"publish","type":"page","link":"https:\/\/mallorca-arta.com\/en\/stadtplan-arta\/","title":{"rendered":"City Map Arta"},"content":{"rendered":"\n<h3 class=\"wp-block-heading\">With this map (OpenStreetMap) you have a small overview of the town of Art\u00e0 in Mallorca.<\/h3>\n\n\n\n<iframe loading=\"lazy\" width=\"100%\" height=\"600\" frameborder=\"0\" scrolling=\"no\" marginheight=\"0\" marginwidth=\"0\" src=\"https:\/\/www.openstreetmap.org\/export\/embed.html?bbox=3.3433842658996586%2C39.689562325682765%2C3.35584044456482%2C39.69817280710788&#038;layer=mapnik\" style=\"border: 1px solid black\"><\/iframe><br\/><small><a href=\"https:\/\/www.openstreetmap.org\/#map=17\/39.69387\/3.34961\">Gr\u00f6\u00dfere Karte anzeigen<\/a><\/small>\n","protected":false},"excerpt":{"rendered":"<p>With this map (OpenStreetMap) you have a small overview of the town of Art\u00e0 in Mallorca. Gr\u00f6\u00dfere Karte anzeigen<\/p>\n","protected":false},"author":1,"featured_media":0,"parent":0,"menu_order":0,"comment_status":"closed","ping_status":"closed","template":"page-templates\/page-builder.php","meta":{"colormag_page_container_layout":"default_layout","colormag_page_sidebar_layout":"default_layout","footnotes":""},"class_list":["post-303","page","type-page","status-publish","hentry"],"_links":{"self":[{"href":"https:\/\/mallorca-arta.com\/en\/wp-json\/wp\/v2\/pages\/303","targetHints":{"allow":["GET"]}}],"collection":[{"href":"https:\/\/mallorca-arta.com\/en\/wp-json\/wp\/v2\/pages"}],"about":[{"href":"https:\/\/mallorca-arta.com\/en\/wp-json\/wp\/v2\/types\/page"}],"author":[{"embeddable":true,"href":"https:\/\/mallorca-arta.com\/en\/wp-json\/wp\/v2\/users\/1"}],"replies":[{"embeddable":true,"href":"https:\/\/mallorca-arta.com\/en\/wp-json\/wp\/v2\/comments?post=303"}],"version-history":[{"count":183,"href":"https:\/\/mallorca-arta.com\/en\/wp-json\/wp\/v2\/pages\/303\/revisions"}],"predecessor-version":[{"id":5090,"href":"https:\/\/mallorca-arta.com\/en\/wp-json\/wp\/v2\/pages\/303\/revisions\/5090"}],"wp:attachment":[{"href":"https:\/\/mallorca-arta.com\/en\/wp-json\/wp\/v2\/media?parent=303"}],"curies":[{"name":"wp","href":"https:\/\/api.w.org\/{rel}","templated":true}]}}