{"id":30,"date":"2015-10-21T11:41:44","date_gmt":"2015-10-21T09:41:44","guid":{"rendered":"http:\/\/www.webdesign-mallorca.eu\/mallorca-arta\/arta\/?page_id=30"},"modified":"2025-05-27T11:52:51","modified_gmt":"2025-05-27T09:52:51","slug":"rubriken","status":"publish","type":"page","link":"https:\/\/mallorca-arta.com\/en\/","title":{"rendered":"City Arta"},"content":{"rendered":"\n<h2 class=\"wp-block-heading has-white-color has-vivid-red-background-color has-text-color has-background\">SEARCH SHOPS \/ PRODUCTS<\/h2>\n\n\n\n<div class=\"wp-block-group has-medium-font-size is-layout-grid wp-container-core-group-is-layout-b3592ff7 wp-block-group-is-layout-grid\" style=\"min-height:50px;margin-top:0;margin-bottom:0\">\n<figure class=\"wp-block-image size-full\"><a href=\"https:\/\/mallorca-arta.com\/en\/category\/farmacias-medicas\/\"><img loading=\"lazy\" decoding=\"async\" width=\"160\" height=\"160\" src=\"https:\/\/mallorca-arta.com\/wp-content\/uploads\/2025\/05\/AERZTE-APOTHEKEN.png\" alt=\"\u00c4rzte und Apotheken\" class=\"wp-image-5903\" srcset=\"https:\/\/mallorca-arta.com\/wp-content\/uploads\/2025\/05\/AERZTE-APOTHEKEN.png 160w, https:\/\/mallorca-arta.com\/wp-content\/uploads\/2025\/05\/AERZTE-APOTHEKEN-150x150.png 150w\" sizes=\"auto, (max-width: 160px) 100vw, 160px\" \/><\/a><figcaption class=\"wp-element-caption\"><strong>DOCTORS \/ PHARMACIES<\/strong><\/figcaption><\/figure>\n\n\n\n<figure class=\"wp-block-image size-full\"><a href=\"https:\/\/mallorca-arta.com\/en\/category\/behoerden-einrichtungen\/\"><img loading=\"lazy\" decoding=\"async\" width=\"160\" height=\"160\" src=\"https:\/\/mallorca-arta.com\/wp-content\/uploads\/2025\/05\/BEHOERDEN-EINRICHTUNGEN.png\" alt=\"Beh\u00f6rden und Einrichtungen in Art\u00e0\" class=\"wp-image-5905\" srcset=\"https:\/\/mallorca-arta.com\/wp-content\/uploads\/2025\/05\/BEHOERDEN-EINRICHTUNGEN.png 160w, https:\/\/mallorca-arta.com\/wp-content\/uploads\/2025\/05\/BEHOERDEN-EINRICHTUNGEN-150x150.png 150w\" sizes=\"auto, (max-width: 160px) 100vw, 160px\" \/><\/a><figcaption class=\"wp-element-caption\"><strong>AUTHORITIES \/ INSTITUTIONS<\/strong><\/figcaption><\/figure>\n\n\n\n<figure class=\"wp-block-image size-full\"><a href=\"https:\/\/mallorca-arta.com\/en\/category\/general\/restaurants\/\"><img loading=\"lazy\" decoding=\"async\" width=\"160\" height=\"160\" src=\"https:\/\/mallorca-arta.com\/wp-content\/uploads\/2025\/05\/RESTAURANTS.png\" alt=\"Restaurants, Essen und trinken\" class=\"wp-image-5909\" srcset=\"https:\/\/mallorca-arta.com\/wp-content\/uploads\/2025\/05\/RESTAURANTS.png 160w, https:\/\/mallorca-arta.com\/wp-content\/uploads\/2025\/05\/RESTAURANTS-150x150.png 150w\" sizes=\"auto, (max-width: 160px) 100vw, 160px\" \/><\/a><figcaption class=\"wp-element-caption\"><strong>RESTAURANTS<\/strong><\/figcaption><\/figure>\n\n\n\n<figure class=\"wp-block-image size-full\"><a href=\"https:\/\/mallorca-arta.com\/en\/category\/bars-cafes\/\"><img loading=\"lazy\" decoding=\"async\" width=\"160\" height=\"160\" src=\"https:\/\/mallorca-arta.com\/wp-content\/uploads\/2025\/05\/BARS-CAFES.png\" alt=\"Bars und Cafes\" class=\"wp-image-5904\" srcset=\"https:\/\/mallorca-arta.com\/wp-content\/uploads\/2025\/05\/BARS-CAFES.png 160w, https:\/\/mallorca-arta.com\/wp-content\/uploads\/2025\/05\/BARS-CAFES-150x150.png 150w\" sizes=\"auto, (max-width: 160px) 100vw, 160px\" \/><\/a><figcaption class=\"wp-element-caption\"><strong>BARS &#038; CAF\u00c9S<\/strong><\/figcaption><\/figure>\n<\/div>\n\n\n\n<div class=\"wp-block-group has-medium-font-size is-layout-grid wp-container-core-group-is-layout-69c1e013 wp-block-group-is-layout-grid\" style=\"min-height:50px;margin-top:0;margin-bottom:0;padding-top:0;padding-right:0;padding-bottom:0;padding-left:0\">\n<figure class=\"wp-block-image size-full\"><a href=\"https:\/\/mallorca-arta.com\/en\/category\/hotel-unterkunft\/\"><img loading=\"lazy\" decoding=\"async\" width=\"160\" height=\"160\" src=\"https:\/\/mallorca-arta.com\/wp-content\/uploads\/2025\/05\/HOTELS-UNTERKUNFT.png\" alt=\"Hotels und Unterk\u00fcnfte\" class=\"wp-image-5908\" srcset=\"https:\/\/mallorca-arta.com\/wp-content\/uploads\/2025\/05\/HOTELS-UNTERKUNFT.png 160w, https:\/\/mallorca-arta.com\/wp-content\/uploads\/2025\/05\/HOTELS-UNTERKUNFT-150x150.png 150w\" sizes=\"auto, (max-width: 160px) 100vw, 160px\" \/><\/a><figcaption class=\"wp-element-caption\"><strong>HOTELS \/ ACCOMMODATIONS<\/strong><\/figcaption><\/figure>\n\n\n\n<figure class=\"wp-block-image size-full\"><a href=\"https:\/\/mallorca-arta.com\/en\/category\/supermaerkte-boutiquen-geschaefte\/\"><img loading=\"lazy\" decoding=\"async\" width=\"160\" height=\"160\" src=\"https:\/\/mallorca-arta.com\/wp-content\/uploads\/2025\/05\/EINKAUFEN-SHOPPEN.png\" alt=\"Einkaufen, Shopping\" class=\"wp-image-5907\" srcset=\"https:\/\/mallorca-arta.com\/wp-content\/uploads\/2025\/05\/EINKAUFEN-SHOPPEN.png 160w, https:\/\/mallorca-arta.com\/wp-content\/uploads\/2025\/05\/EINKAUFEN-SHOPPEN-150x150.png 150w\" sizes=\"auto, (max-width: 160px) 100vw, 160px\" \/><\/a><figcaption class=\"wp-element-caption\"><strong> SHOPPING<\/strong><\/figcaption><\/figure>\n\n\n\n<figure class=\"wp-block-image size-full\"><a href=\"https:\/\/mallorca-arta.com\/en\/category\/dienstleistungen\/\"><img loading=\"lazy\" decoding=\"async\" width=\"160\" height=\"160\" src=\"https:\/\/mallorca-arta.com\/wp-content\/uploads\/2025\/05\/DIENSTLEISTUNGEN.png\" alt=\"Dienstleistungen in Arta\" class=\"wp-image-5906\" srcset=\"https:\/\/mallorca-arta.com\/wp-content\/uploads\/2025\/05\/DIENSTLEISTUNGEN.png 160w, https:\/\/mallorca-arta.com\/wp-content\/uploads\/2025\/05\/DIENSTLEISTUNGEN-150x150.png 150w\" sizes=\"auto, (max-width: 160px) 100vw, 160px\" \/><\/a><figcaption class=\"wp-element-caption\"><strong>SERVICES<\/strong><\/figcaption><\/figure>\n\n\n\n<figure class=\"wp-block-image size-full wp-container-content-e269605d\"><a href=\"https:\/\/mallorca-arta.com\/en\/category\/kunst-kuenstler-arta\/\"><img loading=\"lazy\" decoding=\"async\" width=\"160\" height=\"160\" src=\"https:\/\/mallorca-arta.com\/wp-content\/uploads\/2025\/05\/KUENSTLER.png\" alt=\"Kunst und K\u00fcnstler\" class=\"wp-image-5910\" srcset=\"https:\/\/mallorca-arta.com\/wp-content\/uploads\/2025\/05\/KUENSTLER.png 160w, https:\/\/mallorca-arta.com\/wp-content\/uploads\/2025\/05\/KUENSTLER-150x150.png 150w\" sizes=\"auto, (max-width: 160px) 100vw, 160px\" \/><\/a><figcaption class=\"wp-element-caption\"><strong>ART \/ ARTISTS<\/strong><\/figcaption><\/figure>\n<\/div>\n\n\n<form role=\"search\" method=\"get\" action=\"https:\/\/mallorca-arta.com\/en\/\" class=\"wp-block-search__button-outside wp-block-search__text-button wp-block-search\"    ><label class=\"wp-block-search__label\" for=\"wp-block-search__input-1\" >Einfach suchen &#8230;<\/label><div class=\"wp-block-search__inside-wrapper\" ><input class=\"wp-block-search__input has-border-color has-vivid-red-border-color\" id=\"wp-block-search__input-1\" placeholder=\"\" value=\"\" type=\"search\" name=\"s\" required  style=\"border-radius: 2px\"\/><button aria-label=\"Search\" class=\"wp-block-search__button has-border-color has-vivid-red-border-color wp-element-button\" type=\"submit\"  style=\"border-radius: 2px\">Search<\/button><\/div><\/form>\n\n\n<div style=\"height:50px\" aria-hidden=\"true\" class=\"wp-block-spacer\"><\/div>\n\n\n\n<h2 class=\"wp-block-heading\">Shops, products, restaurants, bars and caf\u00e9s in the town of Art\u00e0<\/h2>\n\n\n<ul class=\"wp-block-latest-posts__list wp-block-latest-posts\"><li><div class=\"wp-block-latest-posts__featured-image\"><a href=\"https:\/\/mallorca-arta.com\/en\/potons\/\" aria-label=\"potons | Arta\"><img loading=\"lazy\" decoding=\"async\" width=\"800\" height=\"334\" src=\"https:\/\/mallorca-arta.com\/wp-content\/uploads\/2025\/06\/potons_sabates-1024x427.jpg\" class=\"attachment-large size-large wp-post-image\" alt=\"potons, sabates sostenibles\" style=\"\" srcset=\"https:\/\/mallorca-arta.com\/wp-content\/uploads\/2025\/06\/potons_sabates-1024x427.jpg 1024w, https:\/\/mallorca-arta.com\/wp-content\/uploads\/2025\/06\/potons_sabates-300x125.jpg 300w, https:\/\/mallorca-arta.com\/wp-content\/uploads\/2025\/06\/potons_sabates-768x320.jpg 768w, https:\/\/mallorca-arta.com\/wp-content\/uploads\/2025\/06\/potons_sabates.jpg 1200w\" sizes=\"auto, (max-width: 800px) 100vw, 800px\" \/><\/a><\/div><a class=\"wp-block-latest-posts__post-title\" href=\"https:\/\/mallorca-arta.com\/en\/potons\/\">potons | Arta<\/a><\/li>\n<\/ul>\n\n<ul class=\"wp-block-latest-posts__list is-grid columns-3 wp-block-latest-posts\"><li><div class=\"wp-block-latest-posts__featured-image\"><a href=\"https:\/\/mallorca-arta.com\/en\/potons\/\" aria-label=\"potons | Arta\"><img loading=\"lazy\" decoding=\"async\" width=\"800\" height=\"334\" src=\"https:\/\/mallorca-arta.com\/wp-content\/uploads\/2025\/06\/potons_sabates-1024x427.jpg\" class=\"attachment-large size-large wp-post-image\" alt=\"potons, sabates sostenibles\" style=\"\" srcset=\"https:\/\/mallorca-arta.com\/wp-content\/uploads\/2025\/06\/potons_sabates-1024x427.jpg 1024w, https:\/\/mallorca-arta.com\/wp-content\/uploads\/2025\/06\/potons_sabates-300x125.jpg 300w, https:\/\/mallorca-arta.com\/wp-content\/uploads\/2025\/06\/potons_sabates-768x320.jpg 768w, https:\/\/mallorca-arta.com\/wp-content\/uploads\/2025\/06\/potons_sabates.jpg 1200w\" sizes=\"auto, (max-width: 800px) 100vw, 800px\" \/><\/a><\/div><a class=\"wp-block-latest-posts__post-title\" href=\"https:\/\/mallorca-arta.com\/en\/potons\/\">potons | Arta<\/a><\/li>\n<li><div class=\"wp-block-latest-posts__featured-image\"><a href=\"https:\/\/mallorca-arta.com\/en\/fira-arta\/\" aria-label=\"Fira d\u2019Art\u00e0 2025 | Arta\"><img loading=\"lazy\" decoding=\"async\" width=\"800\" height=\"334\" src=\"https:\/\/mallorca-arta.com\/wp-content\/uploads\/2025\/09\/Fira-Arta-2025-1024x427.jpg\" class=\"attachment-large size-large wp-post-image\" alt=\"Fira in Arta\" style=\"\" srcset=\"https:\/\/mallorca-arta.com\/wp-content\/uploads\/2025\/09\/Fira-Arta-2025-1024x427.jpg 1024w, https:\/\/mallorca-arta.com\/wp-content\/uploads\/2025\/09\/Fira-Arta-2025-300x125.jpg 300w, https:\/\/mallorca-arta.com\/wp-content\/uploads\/2025\/09\/Fira-Arta-2025-768x320.jpg 768w, https:\/\/mallorca-arta.com\/wp-content\/uploads\/2025\/09\/Fira-Arta-2025.jpg 1200w\" sizes=\"auto, (max-width: 800px) 100vw, 800px\" \/><\/a><\/div><a class=\"wp-block-latest-posts__post-title\" href=\"https:\/\/mallorca-arta.com\/en\/fira-arta\/\">Fira d\u2019Art\u00e0 2025 | Arta<\/a><\/li>\n<li><div class=\"wp-block-latest-posts__featured-image\"><a href=\"https:\/\/mallorca-arta.com\/en\/na-caragol\/\" aria-label=\"Bar &amp; Caf\u00e9 Caragol | Arta\"><img loading=\"lazy\" decoding=\"async\" width=\"800\" height=\"334\" src=\"https:\/\/mallorca-arta.com\/wp-content\/uploads\/2015\/11\/Titelbils_Mallorca-Arta-1024x427.jpg\" class=\"attachment-large size-large wp-post-image\" alt=\"Titelbild Mallorca Arta\" style=\"\" srcset=\"https:\/\/mallorca-arta.com\/wp-content\/uploads\/2015\/11\/Titelbils_Mallorca-Arta-1024x427.jpg 1024w, https:\/\/mallorca-arta.com\/wp-content\/uploads\/2015\/11\/Titelbils_Mallorca-Arta-300x125.jpg 300w, https:\/\/mallorca-arta.com\/wp-content\/uploads\/2015\/11\/Titelbils_Mallorca-Arta-768x320.jpg 768w, https:\/\/mallorca-arta.com\/wp-content\/uploads\/2015\/11\/Titelbils_Mallorca-Arta.jpg 1200w\" sizes=\"auto, (max-width: 800px) 100vw, 800px\" \/><\/a><\/div><a class=\"wp-block-latest-posts__post-title\" href=\"https:\/\/mallorca-arta.com\/en\/na-caragol\/\">Bar &#038; Caf\u00e9 Caragol | Arta<\/a><\/li>\n<li><div class=\"wp-block-latest-posts__featured-image\"><a href=\"https:\/\/mallorca-arta.com\/en\/sant-salvador-2025\/\" aria-label=\"Sant Salvador Summer Festival &#8211; 2025 | Arta\"><img loading=\"lazy\" decoding=\"async\" width=\"800\" height=\"334\" src=\"https:\/\/mallorca-arta.com\/wp-content\/uploads\/2025\/07\/Sant-Salvador-2025-1024x427.jpg\" class=\"attachment-large size-large wp-post-image\" alt=\"Fiesta de Sant Salvador en Art\u00e0 en Mallorca 2025\" style=\"\" srcset=\"https:\/\/mallorca-arta.com\/wp-content\/uploads\/2025\/07\/Sant-Salvador-2025-1024x427.jpg 1024w, https:\/\/mallorca-arta.com\/wp-content\/uploads\/2025\/07\/Sant-Salvador-2025-300x125.jpg 300w, https:\/\/mallorca-arta.com\/wp-content\/uploads\/2025\/07\/Sant-Salvador-2025-768x320.jpg 768w, https:\/\/mallorca-arta.com\/wp-content\/uploads\/2025\/07\/Sant-Salvador-2025.jpg 1200w\" sizes=\"auto, (max-width: 800px) 100vw, 800px\" \/><\/a><\/div><a class=\"wp-block-latest-posts__post-title\" href=\"https:\/\/mallorca-arta.com\/en\/sant-salvador-2025\/\">Sant Salvador Summer Festival &#8211; 2025 | Arta<\/a><\/li>\n<li><div class=\"wp-block-latest-posts__featured-image\"><a href=\"https:\/\/mallorca-arta.com\/en\/restaurant-can-sion\/\" aria-label=\"Restaurante C\u00e1n Si\u00f3n | Arta\"><img loading=\"lazy\" decoding=\"async\" width=\"800\" height=\"334\" src=\"https:\/\/mallorca-arta.com\/wp-content\/uploads\/2025\/07\/Restaurante-Can-Sion-1024x427.jpg\" class=\"attachment-large size-large wp-post-image\" alt=\"Tapas &amp; Vinoteca \u2013 Art\u00e0\" style=\"\" srcset=\"https:\/\/mallorca-arta.com\/wp-content\/uploads\/2025\/07\/Restaurante-Can-Sion-1024x427.jpg 1024w, https:\/\/mallorca-arta.com\/wp-content\/uploads\/2025\/07\/Restaurante-Can-Sion-300x125.jpg 300w, https:\/\/mallorca-arta.com\/wp-content\/uploads\/2025\/07\/Restaurante-Can-Sion-768x320.jpg 768w, https:\/\/mallorca-arta.com\/wp-content\/uploads\/2025\/07\/Restaurante-Can-Sion.jpg 1200w\" sizes=\"auto, (max-width: 800px) 100vw, 800px\" \/><\/a><\/div><a class=\"wp-block-latest-posts__post-title\" href=\"https:\/\/mallorca-arta.com\/en\/restaurant-can-sion\/\">Restaurante C\u00e1n Si\u00f3n | Arta<\/a><\/li>\n<li><div class=\"wp-block-latest-posts__featured-image\"><a href=\"https:\/\/mallorca-arta.com\/en\/toldos-arta\/\" aria-label=\"TOLDOS ART\u00c0 | Arta\"><img loading=\"lazy\" decoding=\"async\" width=\"800\" height=\"334\" src=\"https:\/\/mallorca-arta.com\/wp-content\/uploads\/2015\/11\/Titelbils_Mallorca-Arta-1024x427.jpg\" class=\"attachment-large size-large wp-post-image\" alt=\"Titelbild Mallorca Arta\" style=\"\" srcset=\"https:\/\/mallorca-arta.com\/wp-content\/uploads\/2015\/11\/Titelbils_Mallorca-Arta-1024x427.jpg 1024w, https:\/\/mallorca-arta.com\/wp-content\/uploads\/2015\/11\/Titelbils_Mallorca-Arta-300x125.jpg 300w, https:\/\/mallorca-arta.com\/wp-content\/uploads\/2015\/11\/Titelbils_Mallorca-Arta-768x320.jpg 768w, https:\/\/mallorca-arta.com\/wp-content\/uploads\/2015\/11\/Titelbils_Mallorca-Arta.jpg 1200w\" sizes=\"auto, (max-width: 800px) 100vw, 800px\" \/><\/a><\/div><a class=\"wp-block-latest-posts__post-title\" href=\"https:\/\/mallorca-arta.com\/en\/toldos-arta\/\">TOLDOS ART\u00c0 | Arta<\/a><\/li>\n<\/ul>\n\n\n<div style=\"height:100px\" aria-hidden=\"true\" class=\"wp-block-spacer\"><\/div>\n\n\n\n<h1 class=\"wp-block-heading\">The village of Art\u00e0<\/h1>\n\n\n\n<p><strong>(spelt Art\u00e0), which is actually a village as it only has around 7400 inhabitants, is located in the north-east of Mallorca.<\/strong><\/p>\n\n\n\n<p><\/p>\n\n\n\n<h2 class=\"wp-block-heading\">Art\u00e0<\/h2>\n\n\n\n<p>is surrounded by mountains and beautiful little bays (including sandy beaches). This charming little town with its numerous restaurants, bars and caf\u00e9s is sure to enchant you. Mallorca is usually not foreign to us Germans, so why not visit the town of Art\u00e0 when you are on holiday on the beautiful island of Mallorca?<\/p>\n\n\n\n<p><\/p>\n\n\n\n<h2 class=\"wp-block-heading\">Majorca<\/h2>\n\n\n\n<p>has a lot of sights to offer. Arta is one of the quieter places on the island of Mallorca. Tourism also takes place here, but mostly without roaring and loud music. There are plenty of shopping, shopping, leisure and accommodation options.<\/p>\n\n\n\n<p><strong>But once a year, the Mallorcan town of Art\u00e0<br><\/strong>A state of emergency! &#8211; In the summer of August, the town of Arta celebrates its summer festival for around 1.5 weeks in a row. Live music and lots of people. Thousands of people come and the music goes on until the early hours of the morning. The nice thing about it is that nobody complains &#8211; whether young or old, everyone celebrates and dances together.<\/p>\n\n\n\n<p><strong>Sant Antoni on 16 January<br><\/strong>is similarly spectacular in winter on Mallorca in Arta. Although the festival actually only takes place for 2 days. The devils (Dimonis) rage in the evening and the next day the animals are blessed. Everyone who has a carriage presents themselves in a huge column and celebrates. Everyone should have a drink with everyone else, the bottles are gladly shared.<\/p>\n\n\n\n<p><\/p>\n\n\n\n<h3 class=\"wp-block-heading\">Art\u00e0 &#038; Origin<\/h3>\n\n\n\n<p>Art\u00e0 was first mentioned in 1232 under the name Yart\u00e2n in the Llibre de repartiment de mallorca (Jaume I). Later there were also spellings Jartan or Jertan. The origin of the name is derived from \u2018Gertan\u2019, the Arabic word for garden.<br><em>History &#038; Detaills -Wikipedia<\/em><\/p>\n\n\n\n<p><\/p>\n\n\n\n<h2 class=\"wp-block-heading\">The settlement of Col\u00f2nia de Sant Pere<\/h2>\n\n\n\n<h3 class=\"wp-block-heading\">Col\u00f2nia de Sant Pere<\/h3>\n\n\n\n<p>which was founded in 1880, was built on the east side of the bay of Alc\u00fadia. Next to the Col\u00f2nia de Sant Pere urbanisation is the small, remote settlement of Betlem from Art\u00e0 on the east coast of Mallorca.<\/p>\n\n\n\n<p>The small harbour of Col\u00f2nia de Sant Pere is often visited by small yachts and is even home to a few fishing boats\u2026<\/p>\n\n\n\n<p><a href=\"https:\/\/mallorca-arta.com\/arta-colonia-de-sant-pere\/\">To Colonia de Sant Pere<\/a><\/p>\n\n\n\n<p><\/p>\n\n\n\n<h3 class=\"wp-block-heading\">This map gives you a brief overview of the town of Art\u00e0 in Mallorca.<\/h3>\n\n\n\n<figure class=\"wp-block-image alignleft size-full has-custom-border wp-duotone-grayscale\"><a href=\"https:\/\/mallorca-arta.com\/stadtplan-arta\/\" target=\"_blank\" rel=\"noreferrer noopener\"><img loading=\"lazy\" decoding=\"async\" width=\"671\" height=\"425\" src=\"https:\/\/mallorca-arta.com\/wp-content\/uploads\/2024\/09\/arta-map.png\" alt=\"Shopping map\" class=\"wp-image-5622\" style=\"border-width:2px;border-radius:15px\" srcset=\"https:\/\/mallorca-arta.com\/wp-content\/uploads\/2024\/09\/arta-map.png 671w, https:\/\/mallorca-arta.com\/wp-content\/uploads\/2024\/09\/arta-map-300x190.png 300w\" sizes=\"auto, (max-width: 671px) 100vw, 671px\" \/><\/a><\/figure>\n","protected":false},"excerpt":{"rendered":"<p>SEARCH SHOPS \/ PRODUCTS Shops, products, restaurants, bars and caf\u00e9s in the town of Art\u00e0 The village of Art\u00e0 (spelt<\/p>\n","protected":false},"author":1,"featured_media":0,"parent":0,"menu_order":0,"comment_status":"closed","ping_status":"closed","template":"","meta":{"colormag_page_container_layout":"default_layout","colormag_page_sidebar_layout":"default_layout","footnotes":""},"class_list":["post-30","page","type-page","status-publish","hentry"],"_links":{"self":[{"href":"https:\/\/mallorca-arta.com\/en\/wp-json\/wp\/v2\/pages\/30","targetHints":{"allow":["GET"]}}],"collection":[{"href":"https:\/\/mallorca-arta.com\/en\/wp-json\/wp\/v2\/pages"}],"about":[{"href":"https:\/\/mallorca-arta.com\/en\/wp-json\/wp\/v2\/types\/page"}],"author":[{"embeddable":true,"href":"https:\/\/mallorca-arta.com\/en\/wp-json\/wp\/v2\/users\/1"}],"replies":[{"embeddable":true,"href":"https:\/\/mallorca-arta.com\/en\/wp-json\/wp\/v2\/comments?post=30"}],"version-history":[{"count":213,"href":"https:\/\/mallorca-arta.com\/en\/wp-json\/wp\/v2\/pages\/30\/revisions"}],"predecessor-version":[{"id":5957,"href":"https:\/\/mallorca-arta.com\/en\/wp-json\/wp\/v2\/pages\/30\/revisions\/5957"}],"wp:attachment":[{"href":"https:\/\/mallorca-arta.com\/en\/wp-json\/wp\/v2\/media?parent=30"}],"curies":[{"name":"wp","href":"https:\/\/api.w.org\/{rel}","templated":true}]}}