{"id":2198,"date":"2017-04-03T11:30:09","date_gmt":"2017-04-03T09:30:09","guid":{"rendered":"http:\/\/www.mallorca-arta.com\/?page_id=2198"},"modified":"2024-01-07T12:50:42","modified_gmt":"2024-01-07T11:50:42","slug":"arta-colonia-de-sant-pere","status":"publish","type":"page","link":"https:\/\/mallorca-arta.com\/en\/arta-colonia-de-sant-pere\/","title":{"rendered":"Colonia de Sant Pere"},"content":{"rendered":"\n<h2 class=\"wp-block-heading\">The village of Col\u00f2nia de Sant Pere<\/h2>\n\n\n\n<p>\u00bb Doctors | Pharmacies<br><a href=\"https:\/\/mallorca-arta.com\/stadtplan-arta\/\" target=\"_blank\" rel=\"noopener\">\u00bb <\/a>City map<a href=\"https:\/\/mallorca-arta.com\/stadtplan-arta\/\" target=\"_blank\" rel=\"noopener\"><br><\/a>\u00bb Authorities | Facilities<br><a href=\"https:\/\/mallorca-arta.com\/category\/colonia-de-sant-pere\/restaurants-colonia-sant-pere\/\">\u00bb Restaurants<br><\/a>\u00bb Cafes &#038; Bars<br>\u00bb Hotels &#038; accommodation<br>\u00bb Shopping<\/p>\n\n\n\n<h3 class=\"wp-block-heading\">Col\u00f2nia de Sant Pere<\/h3>\n\n\n\n<p>The settlement of Col\u00f2nia de Sant Pere, which was founded in 1880, was built on the eastern side of the bay of Alc\u00fadia. Next to the Col\u00f2nia de Sant Pere urbanisation is the small, remote settlement of Betlem from Art\u00e0 on the east coast of Mallorca.<\/p>\n\n\n\n<p>The small harbour of Col\u00f2nia de Sant Pere is often visited by small yachts and is even home to a few fishing boats.<br>Stand-up paddling and surfboards can also be seen here more and more often.<\/p>\n\n\n\n<p>There are no tower blocks or huge hotels or hotel complexes here like in Palma or other major cities in Mallorca.<br>Most of the buildings here are one or two storeys high and therefore fit perfectly into the beautiful mountain landscape with its promenade and small beaches.<\/p>\n","protected":false},"excerpt":{"rendered":"<p>The village of Col\u00f2nia de Sant Pere \u00bb Doctors | Pharmacies\u00bb City map\u00bb Authorities | Facilities\u00bb Restaurants\u00bb Cafes &#038; Bars\u00bb<\/p>\n","protected":false},"author":1,"featured_media":0,"parent":0,"menu_order":0,"comment_status":"closed","ping_status":"closed","template":"","meta":{"colormag_page_container_layout":"no_sidebar_full_width","colormag_page_sidebar_layout":"no_sidebar","footnotes":""},"class_list":["post-2198","page","type-page","status-publish","hentry"],"_links":{"self":[{"href":"https:\/\/mallorca-arta.com\/en\/wp-json\/wp\/v2\/pages\/2198","targetHints":{"allow":["GET"]}}],"collection":[{"href":"https:\/\/mallorca-arta.com\/en\/wp-json\/wp\/v2\/pages"}],"about":[{"href":"https:\/\/mallorca-arta.com\/en\/wp-json\/wp\/v2\/types\/page"}],"author":[{"embeddable":true,"href":"https:\/\/mallorca-arta.com\/en\/wp-json\/wp\/v2\/users\/1"}],"replies":[{"embeddable":true,"href":"https:\/\/mallorca-arta.com\/en\/wp-json\/wp\/v2\/comments?post=2198"}],"version-history":[{"count":32,"href":"https:\/\/mallorca-arta.com\/en\/wp-json\/wp\/v2\/pages\/2198\/revisions"}],"predecessor-version":[{"id":5233,"href":"https:\/\/mallorca-arta.com\/en\/wp-json\/wp\/v2\/pages\/2198\/revisions\/5233"}],"wp:attachment":[{"href":"https:\/\/mallorca-arta.com\/en\/wp-json\/wp\/v2\/media?parent=2198"}],"curies":[{"name":"wp","href":"https:\/\/api.w.org\/{rel}","templated":true}]}}